{"id":5243,"date":"2023-10-13T15:16:10","date_gmt":"2023-10-13T13:16:10","guid":{"rendered":"https:\/\/veritahr.com\/?page_id=5243"},"modified":"2025-04-30T11:33:07","modified_gmt":"2025-04-30T09:33:07","slug":"oferty-pracy","status":"publish","type":"page","link":"https:\/\/veritahr.com\/pl\/oferty-pracy\/","title":{"rendered":"Oferty pracy"},"content":{"rendered":"\t\t<div data-elementor-type=\"wp-page\" data-elementor-id=\"5243\" class=\"elementor elementor-5243\" data-elementor-post-type=\"page\">\n\t\t\t\t\t\t<section class=\"elementor-section elementor-top-section elementor-element elementor-element-4395ee9 elementor-section-full_width elementor-section-height-default elementor-section-height-default\" data-id=\"4395ee9\" data-element_type=\"section\" data-e-type=\"section\">\n\t\t\t\t\t\t<div class=\"elementor-container elementor-column-gap-no\">\n\t\t\t\t\t<div class=\"elementor-column elementor-col-100 elementor-top-column elementor-element elementor-element-61ab086\" data-id=\"61ab086\" data-element_type=\"column\" data-e-type=\"column\">\n\t\t\t<div class=\"elementor-widget-wrap elementor-element-populated\">\n\t\t\t\t\t\t<div class=\"elementor-element elementor-element-56f6197 elementor-widget elementor-widget-html\" data-id=\"56f6197\" data-element_type=\"widget\" data-e-type=\"widget\" data-widget_type=\"html.default\">\n\t\t\t\t<div class=\"elementor-widget-container\">\n\t\t\t\t\t<iframe src=\"https:\/\/jobs.veritahr.com\/\" height=\"1000px\"><\/iframe>\n\n<script>\n    \nconst iframeElement = document.querySelector('iframe');\n\niframeElement.addEventListener('load', function() {\n    console.log('frame loaded')\n    iframeElement.contentWindow.postMessage('removeHeader', '*');\n});\n<\/script>\t\t\t\t<\/div>\n\t\t\t\t<\/div>\n\t\t\t\t\t<\/div>\n\t\t<\/div>\n\t\t\t\t\t<\/div>\n\t\t<\/section>\n\t\t\t\t<\/div>\n\t\t","protected":false},"excerpt":{"rendered":"","protected":false},"author":12,"featured_media":0,"parent":0,"menu_order":0,"comment_status":"closed","ping_status":"closed","template":"elementor_header_footer","meta":{"_acf_changed":false,"footnotes":""},"class_list":["post-5243","page","type-page","status-publish","hentry"],"acf":[],"yoast_head":"<!-- This site is optimized with the Yoast SEO Premium plugin v27.4 (Yoast SEO v27.4) - https:\/\/yoast.com\/product\/yoast-seo-premium-wordpress\/ -->\n<title>Oferty pracy - Verita HR<\/title>\n<meta name=\"robots\" content=\"index, follow, max-snippet:-1, max-image-preview:large, max-video-preview:-1\" \/>\n<link rel=\"canonical\" href=\"https:\/\/veritahr.com\/pl\/oferty-pracy\/\" \/>\n<meta property=\"og:locale\" content=\"pl_PL\" \/>\n<meta property=\"og:type\" content=\"article\" \/>\n<meta property=\"og:title\" content=\"Oferty pracy\" \/>\n<meta property=\"og:url\" content=\"https:\/\/veritahr.com\/pl\/oferty-pracy\/\" \/>\n<meta property=\"og:site_name\" content=\"Verita HR\" \/>\n<meta property=\"article:publisher\" content=\"https:\/\/www.facebook.com\/veritahrservices\" \/>\n<meta property=\"article:modified_time\" content=\"2025-04-30T09:33:07+00:00\" \/>\n<meta property=\"og:image\" content=\"https:\/\/veritahr.com\/wp-content\/uploads\/2020\/03\/logo-verita-grupa-kapitalowa-color_Obszar-roboczy-1.png\" \/>\n\t<meta property=\"og:image:width\" content=\"1920\" \/>\n\t<meta property=\"og:image:height\" content=\"939\" \/>\n\t<meta property=\"og:image:type\" content=\"image\/png\" \/>\n<meta name=\"twitter:card\" content=\"summary_large_image\" \/>\n<script type=\"application\/ld+json\" class=\"yoast-schema-graph\">{\"@context\":\"https:\\\/\\\/schema.org\",\"@graph\":[{\"@type\":\"WebPage\",\"@id\":\"https:\\\/\\\/veritahr.com\\\/pl\\\/oferty-pracy\\\/\",\"url\":\"https:\\\/\\\/veritahr.com\\\/pl\\\/oferty-pracy\\\/\",\"name\":\"Oferty pracy - Verita HR\",\"isPartOf\":{\"@id\":\"https:\\\/\\\/veritahr.com\\\/#website\"},\"datePublished\":\"2023-10-13T13:16:10+00:00\",\"dateModified\":\"2025-04-30T09:33:07+00:00\",\"breadcrumb\":{\"@id\":\"https:\\\/\\\/veritahr.com\\\/pl\\\/oferty-pracy\\\/#breadcrumb\"},\"inLanguage\":\"pl-PL\",\"potentialAction\":[{\"@type\":\"ReadAction\",\"target\":[\"https:\\\/\\\/veritahr.com\\\/pl\\\/oferty-pracy\\\/\"]}]},{\"@type\":\"BreadcrumbList\",\"@id\":\"https:\\\/\\\/veritahr.com\\\/pl\\\/oferty-pracy\\\/#breadcrumb\",\"itemListElement\":[{\"@type\":\"ListItem\",\"position\":1,\"name\":\"Strona g\u0142\u00f3wna\",\"item\":\"https:\\\/\\\/veritahr.com\\\/\"},{\"@type\":\"ListItem\",\"position\":2,\"name\":\"Oferty pracy\"}]},{\"@type\":\"WebSite\",\"@id\":\"https:\\\/\\\/veritahr.com\\\/#website\",\"url\":\"https:\\\/\\\/veritahr.com\\\/\",\"name\":\"Verita HR\",\"description\":\"Wykorzystujemy nowoczesne strategie i nieustannie rozbudowan\u0105 baz\u0119 kandydat\u00f3w, w kt\u00f3rej tak\u017ce nie brak ekspert\u00f3w ds. bankowo\u015bci.\",\"publisher\":{\"@id\":\"https:\\\/\\\/veritahr.com\\\/#organization\"},\"alternateName\":\"Verita HR\",\"potentialAction\":[{\"@type\":\"SearchAction\",\"target\":{\"@type\":\"EntryPoint\",\"urlTemplate\":\"https:\\\/\\\/veritahr.com\\\/?s={search_term_string}\"},\"query-input\":{\"@type\":\"PropertyValueSpecification\",\"valueRequired\":true,\"valueName\":\"search_term_string\"}}],\"inLanguage\":\"pl-PL\"},{\"@type\":\"Organization\",\"@id\":\"https:\\\/\\\/veritahr.com\\\/#organization\",\"name\":\"Verita HR Polska Sp. z o.o.\",\"alternateName\":\"Verita HR\",\"url\":\"https:\\\/\\\/veritahr.com\\\/\",\"logo\":{\"@type\":\"ImageObject\",\"inLanguage\":\"pl-PL\",\"@id\":\"https:\\\/\\\/veritahr.com\\\/#\\\/schema\\\/logo\\\/image\\\/\",\"url\":\"https:\\\/\\\/veritahr.com\\\/wp-content\\\/uploads\\\/2020\\\/03\\\/cropped-favicon-02.png\",\"contentUrl\":\"https:\\\/\\\/veritahr.com\\\/wp-content\\\/uploads\\\/2020\\\/03\\\/cropped-favicon-02.png\",\"width\":512,\"height\":512,\"caption\":\"Verita HR Polska Sp. z o.o.\"},\"image\":{\"@id\":\"https:\\\/\\\/veritahr.com\\\/#\\\/schema\\\/logo\\\/image\\\/\"},\"sameAs\":[\"https:\\\/\\\/www.facebook.com\\\/veritahrservices\"]}]}<\/script>\n<!-- \/ Yoast SEO Premium plugin. -->","yoast_head_json":{"title":"Oferty pracy - Verita HR","robots":{"index":"index","follow":"follow","max-snippet":"max-snippet:-1","max-image-preview":"max-image-preview:large","max-video-preview":"max-video-preview:-1"},"canonical":"https:\/\/veritahr.com\/pl\/oferty-pracy\/","og_locale":"pl_PL","og_type":"article","og_title":"Oferty pracy","og_url":"https:\/\/veritahr.com\/pl\/oferty-pracy\/","og_site_name":"Verita HR","article_publisher":"https:\/\/www.facebook.com\/veritahrservices","article_modified_time":"2025-04-30T09:33:07+00:00","og_image":[{"width":1920,"height":939,"url":"https:\/\/veritahr.com\/wp-content\/uploads\/2020\/03\/logo-verita-grupa-kapitalowa-color_Obszar-roboczy-1.png","type":"image\/png"}],"twitter_card":"summary_large_image","schema":{"@context":"https:\/\/schema.org","@graph":[{"@type":"WebPage","@id":"https:\/\/veritahr.com\/pl\/oferty-pracy\/","url":"https:\/\/veritahr.com\/pl\/oferty-pracy\/","name":"Oferty pracy - Verita HR","isPartOf":{"@id":"https:\/\/veritahr.com\/#website"},"datePublished":"2023-10-13T13:16:10+00:00","dateModified":"2025-04-30T09:33:07+00:00","breadcrumb":{"@id":"https:\/\/veritahr.com\/pl\/oferty-pracy\/#breadcrumb"},"inLanguage":"pl-PL","potentialAction":[{"@type":"ReadAction","target":["https:\/\/veritahr.com\/pl\/oferty-pracy\/"]}]},{"@type":"BreadcrumbList","@id":"https:\/\/veritahr.com\/pl\/oferty-pracy\/#breadcrumb","itemListElement":[{"@type":"ListItem","position":1,"name":"Strona g\u0142\u00f3wna","item":"https:\/\/veritahr.com\/"},{"@type":"ListItem","position":2,"name":"Oferty pracy"}]},{"@type":"WebSite","@id":"https:\/\/veritahr.com\/#website","url":"https:\/\/veritahr.com\/","name":"Verita HR","description":"Wykorzystujemy nowoczesne strategie i nieustannie rozbudowan\u0105 baz\u0119 kandydat\u00f3w, w kt\u00f3rej tak\u017ce nie brak ekspert\u00f3w ds. bankowo\u015bci.","publisher":{"@id":"https:\/\/veritahr.com\/#organization"},"alternateName":"Verita HR","potentialAction":[{"@type":"SearchAction","target":{"@type":"EntryPoint","urlTemplate":"https:\/\/veritahr.com\/?s={search_term_string}"},"query-input":{"@type":"PropertyValueSpecification","valueRequired":true,"valueName":"search_term_string"}}],"inLanguage":"pl-PL"},{"@type":"Organization","@id":"https:\/\/veritahr.com\/#organization","name":"Verita HR Polska Sp. z o.o.","alternateName":"Verita HR","url":"https:\/\/veritahr.com\/","logo":{"@type":"ImageObject","inLanguage":"pl-PL","@id":"https:\/\/veritahr.com\/#\/schema\/logo\/image\/","url":"https:\/\/veritahr.com\/wp-content\/uploads\/2020\/03\/cropped-favicon-02.png","contentUrl":"https:\/\/veritahr.com\/wp-content\/uploads\/2020\/03\/cropped-favicon-02.png","width":512,"height":512,"caption":"Verita HR Polska Sp. z o.o."},"image":{"@id":"https:\/\/veritahr.com\/#\/schema\/logo\/image\/"},"sameAs":["https:\/\/www.facebook.com\/veritahrservices"]}]}},"_links":{"self":[{"href":"https:\/\/veritahr.com\/pl\/wp-json\/wp\/v2\/pages\/5243","targetHints":{"allow":["GET"]}}],"collection":[{"href":"https:\/\/veritahr.com\/pl\/wp-json\/wp\/v2\/pages"}],"about":[{"href":"https:\/\/veritahr.com\/pl\/wp-json\/wp\/v2\/types\/page"}],"author":[{"embeddable":true,"href":"https:\/\/veritahr.com\/pl\/wp-json\/wp\/v2\/users\/12"}],"replies":[{"embeddable":true,"href":"https:\/\/veritahr.com\/pl\/wp-json\/wp\/v2\/comments?post=5243"}],"version-history":[{"count":3,"href":"https:\/\/veritahr.com\/pl\/wp-json\/wp\/v2\/pages\/5243\/revisions"}],"predecessor-version":[{"id":7765,"href":"https:\/\/veritahr.com\/pl\/wp-json\/wp\/v2\/pages\/5243\/revisions\/7765"}],"wp:attachment":[{"href":"https:\/\/veritahr.com\/pl\/wp-json\/wp\/v2\/media?parent=5243"}],"curies":[{"name":"wp","href":"https:\/\/api.w.org\/{rel}","templated":true}]}}