{"id":6548,"date":"2024-10-04T10:09:54","date_gmt":"2024-10-04T08:09:54","guid":{"rendered":"https:\/\/veritahr.com\/?page_id=6548"},"modified":"2025-08-04T09:13:18","modified_gmt":"2025-08-04T07:13:18","slug":"sygnalista","status":"publish","type":"page","link":"https:\/\/veritahr.com\/pl\/sygnalista\/","title":{"rendered":"sygnalista"},"content":{"rendered":"\t\t<div data-elementor-type=\"wp-page\" data-elementor-id=\"6548\" class=\"elementor elementor-6548\" data-elementor-post-type=\"page\">\n\t\t\t\t<div class=\"elementor-element elementor-element-7ff7cc4 e-flex e-con-boxed e-con e-parent\" data-id=\"7ff7cc4\" data-element_type=\"container\" data-e-type=\"container\">\n\t\t\t\t\t<div class=\"e-con-inner\">\n\t\t\t\t<div class=\"elementor-element elementor-element-7fc5b1b elementor-widget__width-auto elementor-widget elementor-widget-heading\" data-id=\"7fc5b1b\" data-element_type=\"widget\" data-e-type=\"widget\" data-widget_type=\"heading.default\">\n\t\t\t\t<div class=\"elementor-widget-container\">\n\t\t\t\t\t<h1 class=\"elementor-heading-title elementor-size-default\">Kana\u0142y zg\u0142osze\u0144 dla sygnalist\u00f3w<\/h1>\t\t\t\t<\/div>\n\t\t\t\t<\/div>\n\t\t\t\t\t<\/div>\n\t\t\t\t<\/div>\n\t\t<div class=\"elementor-element elementor-element-4148083 e-flex e-con-boxed e-con e-parent\" data-id=\"4148083\" data-element_type=\"container\" data-e-type=\"container\">\n\t\t\t\t\t<div class=\"e-con-inner\">\n\t\t\t\t<div class=\"elementor-element elementor-element-052510b elementor-widget elementor-widget-text-editor\" data-id=\"052510b\" data-element_type=\"widget\" data-e-type=\"widget\" data-widget_type=\"text-editor.default\">\n\t\t\t\t<div class=\"elementor-widget-container\">\n\t\t\t\t\t\t\t\t\t<p>Sygnalista mo\u017ce dokonywa\u0107 zg\u0142oszenia za po\u015brednictwem nast\u0119puj\u0105cych kana\u0142\u00f3w:<\/p>\t\t\t\t\t\t\t\t<\/div>\n\t\t\t\t<\/div>\n\t\t\t\t<div class=\"elementor-element elementor-element-9ec6cc7 elementor-widget-mobile__width-initial elementor-widget elementor-widget-text-editor\" data-id=\"9ec6cc7\" data-element_type=\"widget\" data-e-type=\"widget\" data-widget_type=\"text-editor.default\">\n\t\t\t\t<div class=\"elementor-widget-container\">\n\t\t\t\t\t\t\t\t\ta) na adres do korespondencji: HRO Personnel Sp. z o. o. ul. Pu\u0142awska 182, 02-670 Warszawa lub Verita HR Polska Sp. z o. o. ul. Pu\u0142awska 182, 02-670 Warszawa z dopiskiem: zg\u0142oszenie Sygnalisty do r\u0105k w\u0142asnych nie otwiera\u0107;\t\t\t\t\t\t\t\t<\/div>\n\t\t\t\t<\/div>\n\t\t\t\t<div class=\"elementor-element elementor-element-ba1b599 elementor-widget-mobile__width-initial elementor-widget elementor-widget-text-editor\" data-id=\"ba1b599\" data-element_type=\"widget\" data-e-type=\"widget\" data-widget_type=\"text-editor.default\">\n\t\t\t\t<div class=\"elementor-widget-container\">\n\t\t\t\t\t\t\t\t\t<p>b) poprzez e-mail na adres: <a href=\"mailto:sygnalista@veritahr.com\">sygnalista@veritahr.com<\/a> lub <a href=\"mailto:sygnalista@hropersonnel.com\">sygnalista@hropersonnel.com<\/a> tytu\u0142 maila: sygnalista \u2013 zg\u0142oszenie<\/p>\t\t\t\t\t\t\t\t<\/div>\n\t\t\t\t<\/div>\n\t\t\t\t<div class=\"elementor-element elementor-element-d0ecbb0 elementor-widget-mobile__width-initial elementor-widget elementor-widget-text-editor\" data-id=\"d0ecbb0\" data-element_type=\"widget\" data-e-type=\"widget\" data-widget_type=\"text-editor.default\">\n\t\t\t\t<div class=\"elementor-widget-container\">\n\t\t\t\t\t\t\t\t\t<p>c) ustnie, podczas bezpo\u015bredniego spotkania, zorganizowanego w terminie 14 dni od otrzymania wniosku o tak\u0105 form\u0119 zg\u0142oszenia po powiadomieniu o takim wniosku kana\u0142em, o kt\u00f3rym mowa powy\u017cej pod lit.a) lub lit.b);<\/p>\t\t\t\t\t\t\t\t<\/div>\n\t\t\t\t<\/div>\n\t\t\t\t<div class=\"elementor-element elementor-element-0a86191 elementor-widget-mobile__width-initial elementor-widget elementor-widget-text-editor\" data-id=\"0a86191\" data-element_type=\"widget\" data-e-type=\"widget\" data-widget_type=\"text-editor.default\">\n\t\t\t\t<div class=\"elementor-widget-container\">\n\t\t\t\t\t\t\t\t\t<ol class=\"custom-list\"><li>na adres do korespondencji: HRO Personnel Sp. z o. o. ul. Pu\u0142awska 182, 02-670 Warszawa lub Verita HR Polska Sp. z o. o. ul. Pu\u0142awska 182, 02-670 Warszawa z dopiskiem: zg\u0142oszenie Sygnalisty do r\u0105k w\u0142asnych nie otwiera\u0107;<\/li><li>poprzez e-mail na adres: <a href=\"mailto:sygnalista@veritahr.com\">sygnalista@veritahr.com<\/a> lub <a href=\"mailto:sygnalista@hropersonnel.com\">sygnalista@hropersonnel.com<\/a> tytu\u0142 maila: sygnalista \u2013 zg\u0142oszenie<\/li><li>ustnie, podczas bezpo\u015bredniego spotkania, zorganizowanego w terminie 14 dni od otrzymania wniosku o tak\u0105 form\u0119 zg\u0142oszenia po powiadomieniu o takim wniosku kana\u0142em, o kt\u00f3rym mowa powy\u017cej pod lit.a) lub lit.b);<\/li><\/ol>\t\t\t\t\t\t\t\t<\/div>\n\t\t\t\t<\/div>\n\t\t\t\t\t<\/div>\n\t\t\t\t<\/div>\n\t\t<div class=\"elementor-element elementor-element-12cd594 e-flex e-con-boxed e-con e-parent\" data-id=\"12cd594\" data-element_type=\"container\" data-e-type=\"container\">\n\t\t\t\t\t<div class=\"e-con-inner\">\n\t\t<div class=\"elementor-element elementor-element-84a40c5 e-con-full e-flex e-con e-child\" data-id=\"84a40c5\" data-element_type=\"container\" data-e-type=\"container\">\n\t\t\t\t<div class=\"elementor-element elementor-element-7983c8f elementor-view-default elementor-widget elementor-widget-icon\" data-id=\"7983c8f\" data-element_type=\"widget\" data-e-type=\"widget\" data-widget_type=\"icon.default\">\n\t\t\t\t<div class=\"elementor-widget-container\">\n\t\t\t\t\t\t\t<div class=\"elementor-icon-wrapper\">\n\t\t\t<a class=\"elementor-icon\" href=\"\/wp-content\/uploads\/2025\/08\/Procedura-zgloszen-wewnetrznych-Verita-HR-Polska-Sp.-z-o.o.pdf\" target=\"_blank\">\n\t\t\t<svg aria-hidden=\"true\" class=\"e-font-icon-svg e-fas-file-pdf\" viewBox=\"0 0 384 512\" xmlns=\"http:\/\/www.w3.org\/2000\/svg\"><path d=\"M181.9 256.1c-5-16-4.9-46.9-2-46.9 8.4 0 7.6 36.9 2 46.9zm-1.7 47.2c-7.7 20.2-17.3 43.3-28.4 62.7 18.3-7 39-17.2 62.9-21.9-12.7-9.6-24.9-23.4-34.5-40.8zM86.1 428.1c0 .8 13.2-5.4 34.9-40.2-6.7 6.3-29.1 24.5-34.9 40.2zM248 160h136v328c0 13.3-10.7 24-24 24H24c-13.3 0-24-10.7-24-24V24C0 10.7 10.7 0 24 0h200v136c0 13.2 10.8 24 24 24zm-8 171.8c-20-12.2-33.3-29-42.7-53.8 4.5-18.5 11.6-46.6 6.2-64.2-4.7-29.4-42.4-26.5-47.8-6.8-5 18.3-.4 44.1 8.1 77-11.6 27.6-28.7 64.6-40.8 85.8-.1 0-.1.1-.2.1-27.1 13.9-73.6 44.5-54.5 68 5.6 6.9 16 10 21.5 10 17.9 0 35.7-18 61.1-61.8 25.8-8.5 54.1-19.1 79-23.2 21.7 11.8 47.1 19.5 64 19.5 29.2 0 31.2-32 19.7-43.4-13.9-13.6-54.3-9.7-73.6-7.2zM377 105L279 7c-4.5-4.5-10.6-7-17-7h-6v128h128v-6.1c0-6.3-2.5-12.4-7-16.9zm-74.1 255.3c4.1-2.7-2.5-11.9-42.8-9 37.1 15.8 42.8 9 42.8 9z\"><\/path><\/svg>\t\t\t<\/a>\n\t\t<\/div>\n\t\t\t\t\t\t<\/div>\n\t\t\t\t<\/div>\n\t\t\t\t<div class=\"elementor-element elementor-element-6f39173 elementor-widget elementor-widget-heading\" data-id=\"6f39173\" data-element_type=\"widget\" data-e-type=\"widget\" data-widget_type=\"heading.default\">\n\t\t\t\t<div class=\"elementor-widget-container\">\n\t\t\t\t\t<div class=\"elementor-heading-title elementor-size-default\"><a href=\"\/wp-content\/uploads\/2025\/08\/Procedura-zgloszen-wewnetrznych-Verita-HR-Polska-Sp.-z-o.o.pdf\" target=\"_blank\">Procedura zg\u0142osze\u0144 wewn\u0119trznych<br>\nVerita HR Polska Sp. z o. o.<\/a><\/div>\t\t\t\t<\/div>\n\t\t\t\t<\/div>\n\t\t\t\t<\/div>\n\t\t<div class=\"elementor-element elementor-element-282a669 e-con-full e-flex e-con e-child\" data-id=\"282a669\" data-element_type=\"container\" data-e-type=\"container\">\n\t\t\t\t<div class=\"elementor-element elementor-element-ce61d97 elementor-view-default elementor-widget elementor-widget-icon\" data-id=\"ce61d97\" data-element_type=\"widget\" data-e-type=\"widget\" data-widget_type=\"icon.default\">\n\t\t\t\t<div class=\"elementor-widget-container\">\n\t\t\t\t\t\t\t<div class=\"elementor-icon-wrapper\">\n\t\t\t<a class=\"elementor-icon\" href=\"\/wp-content\/uploads\/2025\/08\/Procedura-zgloszen-wewnetrznych-HRO-Personnel-Sp.-z-o.o.pdf\" target=\"_blank\">\n\t\t\t<svg aria-hidden=\"true\" class=\"e-font-icon-svg e-fas-file-pdf\" viewBox=\"0 0 384 512\" xmlns=\"http:\/\/www.w3.org\/2000\/svg\"><path d=\"M181.9 256.1c-5-16-4.9-46.9-2-46.9 8.4 0 7.6 36.9 2 46.9zm-1.7 47.2c-7.7 20.2-17.3 43.3-28.4 62.7 18.3-7 39-17.2 62.9-21.9-12.7-9.6-24.9-23.4-34.5-40.8zM86.1 428.1c0 .8 13.2-5.4 34.9-40.2-6.7 6.3-29.1 24.5-34.9 40.2zM248 160h136v328c0 13.3-10.7 24-24 24H24c-13.3 0-24-10.7-24-24V24C0 10.7 10.7 0 24 0h200v136c0 13.2 10.8 24 24 24zm-8 171.8c-20-12.2-33.3-29-42.7-53.8 4.5-18.5 11.6-46.6 6.2-64.2-4.7-29.4-42.4-26.5-47.8-6.8-5 18.3-.4 44.1 8.1 77-11.6 27.6-28.7 64.6-40.8 85.8-.1 0-.1.1-.2.1-27.1 13.9-73.6 44.5-54.5 68 5.6 6.9 16 10 21.5 10 17.9 0 35.7-18 61.1-61.8 25.8-8.5 54.1-19.1 79-23.2 21.7 11.8 47.1 19.5 64 19.5 29.2 0 31.2-32 19.7-43.4-13.9-13.6-54.3-9.7-73.6-7.2zM377 105L279 7c-4.5-4.5-10.6-7-17-7h-6v128h128v-6.1c0-6.3-2.5-12.4-7-16.9zm-74.1 255.3c4.1-2.7-2.5-11.9-42.8-9 37.1 15.8 42.8 9 42.8 9z\"><\/path><\/svg>\t\t\t<\/a>\n\t\t<\/div>\n\t\t\t\t\t\t<\/div>\n\t\t\t\t<\/div>\n\t\t\t\t<div class=\"elementor-element elementor-element-9335c6e elementor-widget elementor-widget-heading\" data-id=\"9335c6e\" data-element_type=\"widget\" data-e-type=\"widget\" data-widget_type=\"heading.default\">\n\t\t\t\t<div class=\"elementor-widget-container\">\n\t\t\t\t\t<div class=\"elementor-heading-title elementor-size-default\"><a href=\"\/wp-content\/uploads\/2025\/08\/Procedura-zgloszen-wewnetrznych-HRO-Personnel-Sp.-z-o.o.pdf\" target=\"_blank\">Procedura zg\u0142osze\u0144 wewn\u0119trznych<br>\nHRO Personnel Sp. z o. o.<\/a><\/div>\t\t\t\t<\/div>\n\t\t\t\t<\/div>\n\t\t\t\t<\/div>\n\t\t\t\t\t<\/div>\n\t\t\t\t<\/div>\n\t\t\t\t<\/div>\n\t\t","protected":false},"excerpt":{"rendered":"<p>Kana\u0142y zg\u0142osze\u0144 dla sygnalist\u00f3w Sygnalista mo\u017ce dokonywa\u0107 zg\u0142oszenia za po\u015brednictwem nast\u0119puj\u0105cych kana\u0142\u00f3w: a) na adres do korespondencji: HRO Personnel Sp. z o. o. ul. Pu\u0142awska 182, 02-670 Warszawa lub Verita HR Polska Sp. z o. o. ul. Pu\u0142awska 182, 02-670 Warszawa z dopiskiem: zg\u0142oszenie Sygnalisty do r\u0105k w\u0142asnych nie otwiera\u0107; b) poprzez e-mail na adres: [&hellip;]<\/p>\n","protected":false},"author":12,"featured_media":0,"parent":0,"menu_order":0,"comment_status":"closed","ping_status":"closed","template":"elementor_header_footer","meta":{"_acf_changed":false,"footnotes":""},"class_list":["post-6548","page","type-page","status-publish","hentry"],"acf":[],"yoast_head":"<!-- This site is optimized with the Yoast SEO Premium plugin v27.2 (Yoast SEO v27.2) - https:\/\/yoast.com\/product\/yoast-seo-premium-wordpress\/ -->\n<title>sygnalista - Verita HR<\/title>\n<meta name=\"robots\" content=\"index, follow, max-snippet:-1, max-image-preview:large, max-video-preview:-1\" \/>\n<link rel=\"canonical\" href=\"https:\/\/veritahr.com\/pl\/sygnalista\/\" \/>\n<meta property=\"og:locale\" content=\"pl_PL\" \/>\n<meta property=\"og:type\" content=\"article\" \/>\n<meta property=\"og:title\" content=\"sygnalista\" \/>\n<meta property=\"og:description\" content=\"Kana\u0142y zg\u0142osze\u0144 dla sygnalist\u00f3w Sygnalista mo\u017ce dokonywa\u0107 zg\u0142oszenia za po\u015brednictwem nast\u0119puj\u0105cych kana\u0142\u00f3w: a) na adres do korespondencji: HRO Personnel Sp. z o. o. ul. Pu\u0142awska 182, 02-670 Warszawa lub Verita HR Polska Sp. z o. o. ul. Pu\u0142awska 182, 02-670 Warszawa z dopiskiem: zg\u0142oszenie Sygnalisty do r\u0105k w\u0142asnych nie otwiera\u0107; b) poprzez e-mail na adres: [&hellip;]\" \/>\n<meta property=\"og:url\" content=\"https:\/\/veritahr.com\/pl\/sygnalista\/\" \/>\n<meta property=\"og:site_name\" content=\"Verita HR\" \/>\n<meta property=\"article:publisher\" content=\"https:\/\/www.facebook.com\/veritahrservices\" \/>\n<meta property=\"article:modified_time\" content=\"2025-08-04T07:13:18+00:00\" \/>\n<meta property=\"og:image\" content=\"https:\/\/veritahr.com\/wp-content\/uploads\/2020\/03\/logo-verita-grupa-kapitalowa-color_Obszar-roboczy-1.png\" \/>\n\t<meta property=\"og:image:width\" content=\"1920\" \/>\n\t<meta property=\"og:image:height\" content=\"939\" \/>\n\t<meta property=\"og:image:type\" content=\"image\/png\" \/>\n<meta name=\"twitter:card\" content=\"summary_large_image\" \/>\n<meta name=\"twitter:label1\" content=\"Szacowany czas czytania\" \/>\n\t<meta name=\"twitter:data1\" content=\"2 minuty\" \/>\n<script type=\"application\/ld+json\" class=\"yoast-schema-graph\">{\"@context\":\"https:\/\/schema.org\",\"@graph\":[{\"@type\":\"WebPage\",\"@id\":\"https:\/\/veritahr.com\/pl\/sygnalista\/\",\"url\":\"https:\/\/veritahr.com\/pl\/sygnalista\/\",\"name\":\"sygnalista - Verita HR\",\"isPartOf\":{\"@id\":\"https:\/\/veritahr.com\/#website\"},\"datePublished\":\"2024-10-04T08:09:54+00:00\",\"dateModified\":\"2025-08-04T07:13:18+00:00\",\"breadcrumb\":{\"@id\":\"https:\/\/veritahr.com\/pl\/sygnalista\/#breadcrumb\"},\"inLanguage\":\"pl-PL\",\"potentialAction\":[{\"@type\":\"ReadAction\",\"target\":[\"https:\/\/veritahr.com\/pl\/sygnalista\/\"]}]},{\"@type\":\"BreadcrumbList\",\"@id\":\"https:\/\/veritahr.com\/pl\/sygnalista\/#breadcrumb\",\"itemListElement\":[{\"@type\":\"ListItem\",\"position\":1,\"name\":\"Strona g\u0142\u00f3wna\",\"item\":\"https:\/\/veritahr.com\/\"},{\"@type\":\"ListItem\",\"position\":2,\"name\":\"sygnalista\"}]},{\"@type\":\"WebSite\",\"@id\":\"https:\/\/veritahr.com\/#website\",\"url\":\"https:\/\/veritahr.com\/\",\"name\":\"Verita HR\",\"description\":\"Wykorzystujemy nowoczesne strategie i nieustannie rozbudowan\u0105 baz\u0119 kandydat\u00f3w, w kt\u00f3rej tak\u017ce nie brak ekspert\u00f3w ds. bankowo\u015bci.\",\"publisher\":{\"@id\":\"https:\/\/veritahr.com\/#organization\"},\"alternateName\":\"Verita HR\",\"potentialAction\":[{\"@type\":\"SearchAction\",\"target\":{\"@type\":\"EntryPoint\",\"urlTemplate\":\"https:\/\/veritahr.com\/?s={search_term_string}\"},\"query-input\":{\"@type\":\"PropertyValueSpecification\",\"valueRequired\":true,\"valueName\":\"search_term_string\"}}],\"inLanguage\":\"pl-PL\"},{\"@type\":\"Organization\",\"@id\":\"https:\/\/veritahr.com\/#organization\",\"name\":\"Verita HR Polska Sp. z o.o.\",\"alternateName\":\"Verita HR\",\"url\":\"https:\/\/veritahr.com\/\",\"logo\":{\"@type\":\"ImageObject\",\"inLanguage\":\"pl-PL\",\"@id\":\"https:\/\/veritahr.com\/#\/schema\/logo\/image\/\",\"url\":\"https:\/\/veritahr.com\/wp-content\/uploads\/2020\/03\/cropped-favicon-02.png\",\"contentUrl\":\"https:\/\/veritahr.com\/wp-content\/uploads\/2020\/03\/cropped-favicon-02.png\",\"width\":512,\"height\":512,\"caption\":\"Verita HR Polska Sp. z o.o.\"},\"image\":{\"@id\":\"https:\/\/veritahr.com\/#\/schema\/logo\/image\/\"},\"sameAs\":[\"https:\/\/www.facebook.com\/veritahrservices\"]}]}<\/script>\n<!-- \/ Yoast SEO Premium plugin. -->","yoast_head_json":{"title":"sygnalista - Verita HR","robots":{"index":"index","follow":"follow","max-snippet":"max-snippet:-1","max-image-preview":"max-image-preview:large","max-video-preview":"max-video-preview:-1"},"canonical":"https:\/\/veritahr.com\/pl\/sygnalista\/","og_locale":"pl_PL","og_type":"article","og_title":"sygnalista","og_description":"Kana\u0142y zg\u0142osze\u0144 dla sygnalist\u00f3w Sygnalista mo\u017ce dokonywa\u0107 zg\u0142oszenia za po\u015brednictwem nast\u0119puj\u0105cych kana\u0142\u00f3w: a) na adres do korespondencji: HRO Personnel Sp. z o. o. ul. Pu\u0142awska 182, 02-670 Warszawa lub Verita HR Polska Sp. z o. o. ul. Pu\u0142awska 182, 02-670 Warszawa z dopiskiem: zg\u0142oszenie Sygnalisty do r\u0105k w\u0142asnych nie otwiera\u0107; b) poprzez e-mail na adres: [&hellip;]","og_url":"https:\/\/veritahr.com\/pl\/sygnalista\/","og_site_name":"Verita HR","article_publisher":"https:\/\/www.facebook.com\/veritahrservices","article_modified_time":"2025-08-04T07:13:18+00:00","og_image":[{"width":1920,"height":939,"url":"https:\/\/veritahr.com\/wp-content\/uploads\/2020\/03\/logo-verita-grupa-kapitalowa-color_Obszar-roboczy-1.png","type":"image\/png"}],"twitter_card":"summary_large_image","twitter_misc":{"Szacowany czas czytania":"2 minuty"},"schema":{"@context":"https:\/\/schema.org","@graph":[{"@type":"WebPage","@id":"https:\/\/veritahr.com\/pl\/sygnalista\/","url":"https:\/\/veritahr.com\/pl\/sygnalista\/","name":"sygnalista - Verita HR","isPartOf":{"@id":"https:\/\/veritahr.com\/#website"},"datePublished":"2024-10-04T08:09:54+00:00","dateModified":"2025-08-04T07:13:18+00:00","breadcrumb":{"@id":"https:\/\/veritahr.com\/pl\/sygnalista\/#breadcrumb"},"inLanguage":"pl-PL","potentialAction":[{"@type":"ReadAction","target":["https:\/\/veritahr.com\/pl\/sygnalista\/"]}]},{"@type":"BreadcrumbList","@id":"https:\/\/veritahr.com\/pl\/sygnalista\/#breadcrumb","itemListElement":[{"@type":"ListItem","position":1,"name":"Strona g\u0142\u00f3wna","item":"https:\/\/veritahr.com\/"},{"@type":"ListItem","position":2,"name":"sygnalista"}]},{"@type":"WebSite","@id":"https:\/\/veritahr.com\/#website","url":"https:\/\/veritahr.com\/","name":"Verita HR","description":"Wykorzystujemy nowoczesne strategie i nieustannie rozbudowan\u0105 baz\u0119 kandydat\u00f3w, w kt\u00f3rej tak\u017ce nie brak ekspert\u00f3w ds. bankowo\u015bci.","publisher":{"@id":"https:\/\/veritahr.com\/#organization"},"alternateName":"Verita HR","potentialAction":[{"@type":"SearchAction","target":{"@type":"EntryPoint","urlTemplate":"https:\/\/veritahr.com\/?s={search_term_string}"},"query-input":{"@type":"PropertyValueSpecification","valueRequired":true,"valueName":"search_term_string"}}],"inLanguage":"pl-PL"},{"@type":"Organization","@id":"https:\/\/veritahr.com\/#organization","name":"Verita HR Polska Sp. z o.o.","alternateName":"Verita HR","url":"https:\/\/veritahr.com\/","logo":{"@type":"ImageObject","inLanguage":"pl-PL","@id":"https:\/\/veritahr.com\/#\/schema\/logo\/image\/","url":"https:\/\/veritahr.com\/wp-content\/uploads\/2020\/03\/cropped-favicon-02.png","contentUrl":"https:\/\/veritahr.com\/wp-content\/uploads\/2020\/03\/cropped-favicon-02.png","width":512,"height":512,"caption":"Verita HR Polska Sp. z o.o."},"image":{"@id":"https:\/\/veritahr.com\/#\/schema\/logo\/image\/"},"sameAs":["https:\/\/www.facebook.com\/veritahrservices"]}]}},"_links":{"self":[{"href":"https:\/\/veritahr.com\/pl\/wp-json\/wp\/v2\/pages\/6548","targetHints":{"allow":["GET"]}}],"collection":[{"href":"https:\/\/veritahr.com\/pl\/wp-json\/wp\/v2\/pages"}],"about":[{"href":"https:\/\/veritahr.com\/pl\/wp-json\/wp\/v2\/types\/page"}],"author":[{"embeddable":true,"href":"https:\/\/veritahr.com\/pl\/wp-json\/wp\/v2\/users\/12"}],"replies":[{"embeddable":true,"href":"https:\/\/veritahr.com\/pl\/wp-json\/wp\/v2\/comments?post=6548"}],"version-history":[{"count":3,"href":"https:\/\/veritahr.com\/pl\/wp-json\/wp\/v2\/pages\/6548\/revisions"}],"predecessor-version":[{"id":8139,"href":"https:\/\/veritahr.com\/pl\/wp-json\/wp\/v2\/pages\/6548\/revisions\/8139"}],"wp:attachment":[{"href":"https:\/\/veritahr.com\/pl\/wp-json\/wp\/v2\/media?parent=6548"}],"curies":[{"name":"wp","href":"https:\/\/api.w.org\/{rel}","templated":true}]}}